{"id":144,"date":"2024-08-18T20:58:52","date_gmt":"2024-08-18T20:58:52","guid":{"rendered":"https:\/\/ialatapia.com\/?page_id=144"},"modified":"2025-02-04T22:49:14","modified_gmt":"2025-02-04T22:49:14","slug":"mi-nombre-es-iala-tapia","status":"publish","type":"page","link":"https:\/\/ialatapia.com\/index.php\/mi-nombre-es-iala-tapia\/","title":{"rendered":"Mi nombre es Iala Tapia"},"content":{"rendered":"\n<p class=\"has-text-align-center\">Soy <strong>Preparadora de Formas Migratorias<\/strong>, en el estado de la Florida y tengo presencia online en todos los Estados Unidos.<\/p>\n\n\n\n<h3 class=\"wp-block-heading has-text-align-center\">Pero&#8230; Sabes qu\u00e9?<\/h3>\n\n\n\n<figure class=\"wp-block-image aligncenter size-full is-resized\"><img loading=\"lazy\" decoding=\"async\" width=\"600\" height=\"600\" src=\"https:\/\/ialatapia.com\/wp-content\/uploads\/2024\/08\/photo_2024-08-16_17-56-35.jpg\" alt=\"\" class=\"wp-image-145\" style=\"width:540px;height:auto\" srcset=\"https:\/\/ialatapia.com\/wp-content\/uploads\/2024\/08\/photo_2024-08-16_17-56-35.jpg 600w, https:\/\/ialatapia.com\/wp-content\/uploads\/2024\/08\/photo_2024-08-16_17-56-35-300x300.jpg 300w, https:\/\/ialatapia.com\/wp-content\/uploads\/2024\/08\/photo_2024-08-16_17-56-35-150x150.jpg 150w\" sizes=\"auto, (max-width: 600px) 100vw, 600px\" \/><\/figure>\n\n\n\n<p class=\"has-text-align-center\"><\/p>\n\n\n\n<p>Soy cubana y llegu\u00e9 a este pa\u00eds hace algunos a\u00f1os con la esperanza de un futuro mejor, y a pesar de los obst\u00e1culos, logr\u00e9 construir una <strong>vida exitosa<\/strong>.<\/p>\n\n\n\n<p class=\"has-text-align-center\"><em>Hoy, mi pasi\u00f3n es ayudar a otros a hacer lo mismo.<\/em><\/p>\n\n\n\n<p>He ayudado a much\u00edsimas personas a preparar sus formularios para el <strong>Permiso de Empleo<\/strong>,  as\u00ed como para su <strong>Residencia.<\/strong><\/p>\n\n\n\n<p class=\"has-text-align-center has-large-font-size\"><em><strong>\u00a1Perm\u00edteme ayudarte!<\/strong><\/em><\/p>\n\n\n\n<p><em>He sido testigo de c\u00f3mo el sue\u00f1o americano se hace realidad para muchos.<\/em><\/p>\n\n\n\n<h3 class=\"wp-block-heading has-text-align-center\">No esperes m\u00e1s!<\/h3>\n\n\n\n<p class=\"has-text-align-center\">Cont\u00e1ctame hoy mismo y descubre c\u00f3mo aplicar a tu tr\u00e1mite de una manera excelente.<\/p>\n\n\n\n<p class=\"has-text-align-center has-base-color has-vivid-red-background-color has-text-color has-background has-link-color wp-elements-1626d76e384f11abf8e99b6c2d22fc5d\"><em><mark style=\"background-color:rgba(0, 0, 0, 0)\" class=\"has-inline-color has-base-color\"><a href=\"https:\/\/wa.me\/13054815613?text=Hola%2C+Iala,+me+gustar\u00eda+que+me+asistas+en+el+llenado+de+mis+formularios\">Click aqu\u00ed y d\u00e9jame un mensaje directamente a mi Whatsapp <\/a><\/mark><\/em><\/p>\n\n\n\n<p><\/p>\n","protected":false},"excerpt":{"rendered":"<p>Soy Preparadora de Formas Migratorias, en el estado de la Florida y tengo presencia online en todos los Estados Unidos. Pero&#8230; Sabes qu\u00e9? Soy cubana y llegu\u00e9 a este pa\u00eds hace algunos a\u00f1os con la esperanza de un futuro mejor, y a pesar de los obst\u00e1culos, logr\u00e9 construir una vida exitosa. Hoy, mi pasi\u00f3n es [&hellip;]<\/p>\n","protected":false},"author":1,"featured_media":0,"parent":0,"menu_order":0,"comment_status":"closed","ping_status":"closed","template":"","meta":{"_glsr_average":0,"_glsr_ranking":0,"_glsr_reviews":0,"footnotes":""},"class_list":["post-144","page","type-page","status-publish","hentry"],"_links":{"self":[{"href":"https:\/\/ialatapia.com\/index.php\/wp-json\/wp\/v2\/pages\/144","targetHints":{"allow":["GET"]}}],"collection":[{"href":"https:\/\/ialatapia.com\/index.php\/wp-json\/wp\/v2\/pages"}],"about":[{"href":"https:\/\/ialatapia.com\/index.php\/wp-json\/wp\/v2\/types\/page"}],"author":[{"embeddable":true,"href":"https:\/\/ialatapia.com\/index.php\/wp-json\/wp\/v2\/users\/1"}],"replies":[{"embeddable":true,"href":"https:\/\/ialatapia.com\/index.php\/wp-json\/wp\/v2\/comments?post=144"}],"version-history":[{"count":10,"href":"https:\/\/ialatapia.com\/index.php\/wp-json\/wp\/v2\/pages\/144\/revisions"}],"predecessor-version":[{"id":711,"href":"https:\/\/ialatapia.com\/index.php\/wp-json\/wp\/v2\/pages\/144\/revisions\/711"}],"wp:attachment":[{"href":"https:\/\/ialatapia.com\/index.php\/wp-json\/wp\/v2\/media?parent=144"}],"curies":[{"name":"wp","href":"https:\/\/api.w.org\/{rel}","templated":true}]}}