{"id":262,"date":"2024-10-02T22:25:06","date_gmt":"2024-10-02T22:25:06","guid":{"rendered":"https:\/\/ialatapia.com\/?page_id=262"},"modified":"2024-10-11T01:26:41","modified_gmt":"2024-10-11T01:26:41","slug":"docsolution","status":"publish","type":"page","link":"https:\/\/ialatapia.com\/index.php\/docsolution\/","title":{"rendered":"DOC.solutions"},"content":{"rendered":"\n<p class=\"has-text-align-center has-text-color has-link-color wp-elements-61fce4d908a68273ac033c038461dc53\" style=\"color:#0c2949\"><em><mark style=\"background-color:rgba(0, 0, 0, 0);color:#0c2949\" class=\"has-inline-color\">La plataforma <strong>N\u00daMERO 1<\/strong> ayudando a conseguir el <strong>SUE\u00d1O AMERICANO<\/strong><\/mark><\/em><\/p>\n\n\n\n<div class=\"wp-block-cover is-light\" style=\"min-height:220px;aspect-ratio:unset;\"><span aria-hidden=\"true\" class=\"wp-block-cover__background has-background-dim\" style=\"background-color:#FFF\"><\/span><video class=\"wp-block-cover__video-background intrinsic-ignore\" autoplay muted loop playsinline src=\"https:\/\/ialatapia.com\/wp-content\/uploads\/2024\/08\/8562898-uhd_4096_2160_24fps-1.mp4\" data-object-fit=\"cover\"><\/video><div class=\"wp-block-cover__inner-container has-global-padding is-layout-constrained wp-block-cover-is-layout-constrained\">\n<p class=\"has-text-align-center has-base-color has-text-color has-link-color has-large-font-size wp-elements-d7248a91160b06d4fd7274c2db5a3a98\"><\/p>\n\n\n\n<div class=\"wp-block-buttons is-content-justification-center is-layout-flex wp-container-core-buttons-is-layout-a89b3969 wp-block-buttons-is-layout-flex\">\n<div class=\"wp-block-button has-custom-width wp-block-button__width-75\"><a class=\"wp-block-button__link has-base-color has-vivid-red-background-color has-text-color has-background has-link-color wp-element-button\" href=\"https:\/\/ialatapia.com\/index.php\/empieza-ya\/\">EMPIEZA YA<\/a><\/div>\n<\/div>\n<\/div><\/div>\n\n\n<div class=\"glsr glsr-default\" id=\"glsr_2e2fee22\" data-from=\"block\" data-shortcode=\"site_reviews_summary\"><div class=\"glsr-summary-wrap\">\n    <div class=\"glsr-summary\">\n        <div class=\"glsr-summary-rating\"><span class=\"glsr-tag-value\">5,0<\/span><\/div>\n        <div class=\"glsr-summary-stars\"><div class=\"glsr-star-rating glsr-stars\" role=\"img\" aria-label=\"Rated 5 out of 5 stars based on 45 ratings\" data-rating=\"5\" data-reviews=\"45\"><span class=\"glsr-star glsr-star-full\" aria-hidden=\"true\"><\/span><span class=\"glsr-star glsr-star-full\" aria-hidden=\"true\"><\/span><span class=\"glsr-star glsr-star-full\" aria-hidden=\"true\"><\/span><span class=\"glsr-star glsr-star-full\" aria-hidden=\"true\"><\/span><span class=\"glsr-star glsr-star-full\" aria-hidden=\"true\"><\/span><\/div><\/div>\n        <div class=\"glsr-summary-text\"><span class=\"glsr-tag-value\">5,0 de 5 estrellas (basado en 45 rese\u00f1as)<\/span><\/div>\n        <div class=\"glsr-summary-percentages\"><div class=\"glsr-bar\" data-level=\"5\"><span class=\"glsr-bar-label\">Excelente<\/span><span class=\"glsr-bar-background\"><span class=\"glsr-bar-background-percent\" style=\"width:100%\"><\/span><\/span><span class=\"glsr-bar-percent\">100%<\/span><\/div><div class=\"glsr-bar\" data-level=\"4\"><span class=\"glsr-bar-label\">Muy buena<\/span><span class=\"glsr-bar-background\"><span class=\"glsr-bar-background-percent\" style=\"width:0%\"><\/span><\/span><span class=\"glsr-bar-percent\">0%<\/span><\/div><div class=\"glsr-bar\" data-level=\"3\"><span class=\"glsr-bar-label\">Media<\/span><span class=\"glsr-bar-background\"><span class=\"glsr-bar-background-percent\" style=\"width:0%\"><\/span><\/span><span class=\"glsr-bar-percent\">0%<\/span><\/div><div class=\"glsr-bar\" data-level=\"2\"><span class=\"glsr-bar-label\">Mala<\/span><span class=\"glsr-bar-background\"><span class=\"glsr-bar-background-percent\" style=\"width:0%\"><\/span><\/span><span class=\"glsr-bar-percent\">0%<\/span><\/div><div class=\"glsr-bar\" data-level=\"1\"><span class=\"glsr-bar-label\">Muy mala<\/span><span class=\"glsr-bar-background\"><span class=\"glsr-bar-background-percent\" style=\"width:0%\"><\/span><\/span><span class=\"glsr-bar-percent\">0%<\/span><\/div><\/div>\n    <\/div>\n<\/div><\/div>\n\n\n<h3 class=\"wp-block-heading has-text-align-center has-contrast-color has-text-color has-link-color wp-elements-5d927135c98ff6b1a04dacba6ecf0a62\" style=\"font-size:clamp(14px, 0.875rem + ((1vw - 3.2px) * 0.625), 20px);\"><span><a style=\"font-style: italic;\" href=\"https:\/\/ialatapia.com\/index.php\/que-piensan-mis-clientes\/\">Click aqu\u00ed y Descubre las rese\u00f1as de nuestros clientes<\/a><\/span><\/h3>\n\n\n\n<p><\/p>\n","protected":false},"excerpt":{"rendered":"<p>La plataforma N\u00daMERO 1 ayudando a conseguir el SUE\u00d1O AMERICANO Click aqu\u00ed y Descubre las rese\u00f1as de nuestros clientes<\/p>\n","protected":false},"author":1,"featured_media":0,"parent":0,"menu_order":0,"comment_status":"closed","ping_status":"closed","template":"","meta":{"_glsr_average":0,"_glsr_ranking":0,"_glsr_reviews":0,"footnotes":""},"class_list":["post-262","page","type-page","status-publish","hentry"],"_links":{"self":[{"href":"https:\/\/ialatapia.com\/index.php\/wp-json\/wp\/v2\/pages\/262","targetHints":{"allow":["GET"]}}],"collection":[{"href":"https:\/\/ialatapia.com\/index.php\/wp-json\/wp\/v2\/pages"}],"about":[{"href":"https:\/\/ialatapia.com\/index.php\/wp-json\/wp\/v2\/types\/page"}],"author":[{"embeddable":true,"href":"https:\/\/ialatapia.com\/index.php\/wp-json\/wp\/v2\/users\/1"}],"replies":[{"embeddable":true,"href":"https:\/\/ialatapia.com\/index.php\/wp-json\/wp\/v2\/comments?post=262"}],"version-history":[{"count":69,"href":"https:\/\/ialatapia.com\/index.php\/wp-json\/wp\/v2\/pages\/262\/revisions"}],"predecessor-version":[{"id":582,"href":"https:\/\/ialatapia.com\/index.php\/wp-json\/wp\/v2\/pages\/262\/revisions\/582"}],"wp:attachment":[{"href":"https:\/\/ialatapia.com\/index.php\/wp-json\/wp\/v2\/media?parent=262"}],"curies":[{"name":"wp","href":"https:\/\/api.w.org\/{rel}","templated":true}]}}