{"id":528,"date":"2024-10-09T11:05:51","date_gmt":"2024-10-09T11:05:51","guid":{"rendered":"https:\/\/ialatapia.com\/?page_id=528"},"modified":"2024-10-09T22:04:13","modified_gmt":"2024-10-09T22:04:13","slug":"empieza-ya","status":"publish","type":"page","link":"https:\/\/ialatapia.com\/index.php\/empieza-ya\/","title":{"rendered":"Tu sue\u00f1o americano podr\u00eda estar m\u00e1s cerca de lo que cress"},"content":{"rendered":"\n<h2 class=\"wp-block-heading has-text-align-center\">Doc.Solutions<\/h2>\n\n\n\n<div class=\"wp-block-buttons is-content-justification-center is-layout-flex wp-container-core-buttons-is-layout-a89b3969 wp-block-buttons-is-layout-flex\">\n<div class=\"wp-block-button has-custom-width wp-block-button__width-75\"><a class=\"wp-block-button__link has-base-color has-vivid-red-background-color has-text-color has-background has-link-color wp-element-button\" href=\"https:\/\/ialatapia.com\/index.php\/login\/\">INICIA SESI\u00d3N<\/a><\/div>\n\n\n\n<div class=\"wp-block-button has-custom-width wp-block-button__width-75\"><a class=\"wp-block-button__link has-base-color has-vivid-red-background-color has-text-color has-background has-link-color wp-element-button\" href=\"https:\/\/ialatapia.com\/index.php\/register\/\">CREA UNA CUENTA <\/a><\/div>\n<\/div>\n\n\n\n<p class=\"has-text-align-center\" style=\"font-size:14px\"><em>Inicia sesi\u00f3n o crea una cuenta gratis si aun no tienes.<\/em><\/p>\n\n\n\n<p><\/p>\n","protected":false},"excerpt":{"rendered":"<p>Doc.Solutions Inicia sesi\u00f3n o crea una cuenta gratis si aun no tienes.<\/p>\n","protected":false},"author":1,"featured_media":0,"parent":0,"menu_order":0,"comment_status":"closed","ping_status":"closed","template":"","meta":{"_glsr_average":0,"_glsr_ranking":0,"_glsr_reviews":0,"footnotes":""},"class_list":["post-528","page","type-page","status-publish","hentry"],"_links":{"self":[{"href":"https:\/\/ialatapia.com\/index.php\/wp-json\/wp\/v2\/pages\/528","targetHints":{"allow":["GET"]}}],"collection":[{"href":"https:\/\/ialatapia.com\/index.php\/wp-json\/wp\/v2\/pages"}],"about":[{"href":"https:\/\/ialatapia.com\/index.php\/wp-json\/wp\/v2\/types\/page"}],"author":[{"embeddable":true,"href":"https:\/\/ialatapia.com\/index.php\/wp-json\/wp\/v2\/users\/1"}],"replies":[{"embeddable":true,"href":"https:\/\/ialatapia.com\/index.php\/wp-json\/wp\/v2\/comments?post=528"}],"version-history":[{"count":16,"href":"https:\/\/ialatapia.com\/index.php\/wp-json\/wp\/v2\/pages\/528\/revisions"}],"predecessor-version":[{"id":558,"href":"https:\/\/ialatapia.com\/index.php\/wp-json\/wp\/v2\/pages\/528\/revisions\/558"}],"wp:attachment":[{"href":"https:\/\/ialatapia.com\/index.php\/wp-json\/wp\/v2\/media?parent=528"}],"curies":[{"name":"wp","href":"https:\/\/api.w.org\/{rel}","templated":true}]}}